{"id":56,"date":"2013-12-10T16:55:12","date_gmt":"2013-12-10T14:55:12","guid":{"rendered":"http:\/\/tierheilpraxis-perick.de\/homep\/?page_id=56"},"modified":"2018-05-29T15:37:40","modified_gmt":"2018-05-29T13:37:40","slug":"impressum","status":"publish","type":"page","link":"https:\/\/tierheilpraxis-perick.de\/?page_id=56","title":{"rendered":"Impressum"},"content":{"rendered":"<p><strong>Verantwortliche f\u00fcr den Inhalt der Internetseite:<\/strong><br \/>\nManuela Perick<br \/>\nBergweg 16 a<br \/>\n48485 Neuenkirchen<br \/>\nTel: 0162-1078646<br \/>\nFax: 05973 \/ 9349065<br \/>\nE-Mail: info@tierheilpraxis-perick.de<br \/>\nWebsite: www.tierheilpraxis-perick.de<\/p>\n<p><strong>Berufs-\/T\u00e4tigkeitsbezeichnung<\/strong>: Tierheilpraktikerin (THP)<br \/>\n<strong>Aufsichtsbeh\u00f6rde<\/strong>: Veterin\u00e4ramt Kreis Steinfurt, Tecklenburger Str. 10, 48565 Steinfurt<br \/>\n<strong>Berufsverband<\/strong>: Verband deutscher Tierheilpraktiker e.V. (VdT)<br \/>\n<strong>Berufshaftpflichtversicherung<\/strong>: AXA Versicherungs-AG<\/p>\n<p>Es erfolgt kein Ausweis der Umsatzsteuer aufgrund der Anwendung der Kleinunternehmer-regelung gem. \u00a7 19 I Umsatzsteuergesetz (UStG).<\/p>\n<p>Um den gesetzlichen Anforderungen des deutschen Heilmittelwerberechts \u00a7 3 zu gen\u00fcgen, gebe ich folgenden Hinweis: Bei den hier vorgestellten Methoden sowohl therapeutischer als auch diagnostischer Art handelt es sich um Verfahren der alternativen Medizin, deren Wirksamkeit wissenschaftlich umstritten und von der Lehrmedizin nicht anerkannt wird.<\/p>\n<p><strong>Disclaimer &#8211; Haftungsausschluss (Haftung f\u00fcr Inhalte und Links):<\/strong><\/p>\n<p>Die Inhalte meiner Seiten wurden mit gr\u00f6\u00dfter Sorgfalt erstellt. F\u00fcr die Richtigkeit, Vollst\u00e4ndigkeit und Aktualit\u00e4t der Inhalte kann ich jedoch keine Gew\u00e4hr \u00fcbernehmen. Als Dienstanbieter bin ich gem\u00e4\u00df \u00a7 7 Abs. 1 TMG f\u00fcr eigene Inhalte auf diesen Seiten nach den allgemeinen Gesetzen verantwortlich. Nach \u00a7\u00a7 8 bis 10 TMG bin ich als Dienstanbieter jedoch nicht verpflichtet \u00fcbermittelte oder gespeicherte fremde Informationen zu \u00fcberwachen oder nach Umst\u00e4nden zu forschen, die auf eine rechtswidrige T\u00e4tigkeit hinweisen. Verpflichtungen zur Entfernung oder Sperrung der Nutzung von Informationen nach den allgemeinen Gesetzen bleiben hiervon unber\u00fchrt. Eine diesbez\u00fcgliche Haftung ist jedoch erst ab dem Zeitpunkt der Kenntnis einer konkreten Rechtsverletzung m\u00f6glich. Bei Bekanntwerden von entsprechenden Rechtsverletzungen werde ich diese Inhalte umgehend entfernen.<\/p>\n<p>Mein Angebot enth\u00e4lt Links zu externen Webseiten Dritter, auf deren Inhalte ich keinen Einfluss habe. Deshalb kann ich f\u00fcr diese fremden Inhalte auch keine Gew\u00e4hr \u00fcbernehmen. F\u00fcr die Inhalte der verlinkten Seiten ist stets der jeweilige Anbieter oder Betreiber der Seiten verantwortlich. Die verlinkten Seiten wurden zum Zeitpunkt der Verlinkung auf m\u00f6gliche Rechtsverst\u00f6\u00dfe \u00fcberpr\u00fcft. Rechtswidrige Inhalte waren zum Zeitpunkt der Verlinkung nicht erkennbar. Eine permanente inhaltliche Kontrolle der verlinkten Seiten ist jedoch ohne konkrete Anhaltspunkte einer Rechtsverletzung nicht zumutbar. Bei Bekanntwerden von Rechtsverletzungen werde ich derartige Links umgehend entfernen.<\/p>\n<p><strong>Urheberrecht<\/strong><\/p>\n<p>Alle Inhalte, Texte, Darstellungen und Werke auf der Internetseite www.tierheilpraxis-perick.de sind urheberrechtlich gesch\u00fctzt. Jede Vervielf\u00e4ltigung, Be-\/Verarbeitung und jede Art der Nutzung ohne meine ausdr\u00fcckliche Zustimmung ist unzul\u00e4ssig.<\/p>\n<p>&nbsp;<\/p>\n<p>&nbsp;<\/p>\n","protected":false},"excerpt":{"rendered":"<p>Verantwortliche f\u00fcr den Inhalt der Internetseite: Manuela Perick Bergweg 16 a 48485 Neuenkirchen Tel: 0162-1078646 Fax: 05973 \/ 9349065 E-Mail: info@tierheilpraxis-perick.de Website: www.tierheilpraxis-perick.de Berufs-\/T\u00e4tigkeitsbezeichnung: Tierheilpraktikerin (THP) Aufsichtsbeh\u00f6rde: Veterin\u00e4ramt Kreis Steinfurt, Tecklenburger Str. 10, 48565 Steinfurt Berufsverband: Verband deutscher Tierheilpraktiker e.V. (VdT) Berufshaftpflichtversicherung: AXA Versicherungs-AG Es erfolgt kein Ausweis der Umsatzsteuer aufgrund der Anwendung der Kleinunternehmer-regelung gem. \u00a7 19 I Umsatzsteuergesetz (UStG). Um den gesetzlichen Anforderungen des deutschen Heilmittelwerberechts \u00a7 3 zu gen\u00fcgen, gebe ich folgenden Hinweis: Bei den hier vorgestellten Methoden sowohl therapeutischer als auch diagnostischer Art handelt es sich um Verfahren der alternativen Medizin, deren Wirksamkeit wissenschaftlich umstritten und von der Lehrmedizin nicht anerkannt wird. Disclaimer &#8211; Haftungsausschluss (Haftung f\u00fcr Inhalte und Links): Die Inhalte meiner Seiten wurden mit gr\u00f6\u00dfter Sorgfalt erstellt. F\u00fcr die Richtigkeit, Vollst\u00e4ndigkeit und Aktualit\u00e4t der Inhalte kann ich jedoch keine Gew\u00e4hr \u00fcbernehmen. Als Dienstanbieter bin ich gem\u00e4\u00df \u00a7 7 Abs. 1 TMG f\u00fcr eigene Inhalte auf diesen Seiten nach den allgemeinen Gesetzen verantwortlich. Nach \u00a7\u00a7 8 bis 10 TMG bin ich als Dienstanbieter jedoch nicht verpflichtet \u00fcbermittelte oder gespeicherte fremde Informationen zu \u00fcberwachen oder nach Umst\u00e4nden zu forschen, die auf eine rechtswidrige T\u00e4tigkeit hinweisen. Verpflichtungen zur Entfernung oder Sperrung der Nutzung von Informationen nach den allgemeinen Gesetzen bleiben hiervon unber\u00fchrt. Eine diesbez\u00fcgliche Haftung ist jedoch erst ab dem Zeitpunkt der Kenntnis einer konkreten Rechtsverletzung m\u00f6glich. Bei Bekanntwerden von entsprechenden Rechtsverletzungen werde ich diese Inhalte umgehend entfernen. Mein Angebot enth\u00e4lt Links zu externen Webseiten Dritter, auf deren Inhalte ich keinen Einfluss habe. Deshalb kann ich f\u00fcr diese fremden Inhalte auch keine Gew\u00e4hr \u00fcbernehmen. F\u00fcr die Inhalte der verlinkten Seiten ist stets der jeweilige Anbieter oder Betreiber der Seiten verantwortlich. Die verlinkten Seiten wurden zum Zeitpunkt der Verlinkung auf m\u00f6gliche Rechtsverst\u00f6\u00dfe \u00fcberpr\u00fcft. [&hellip;]<\/p>\n","protected":false},"author":3,"featured_media":0,"parent":0,"menu_order":0,"comment_status":"open","ping_status":"open","template":"","meta":[],"_links":{"self":[{"href":"https:\/\/tierheilpraxis-perick.de\/index.php?rest_route=\/wp\/v2\/pages\/56"}],"collection":[{"href":"https:\/\/tierheilpraxis-perick.de\/index.php?rest_route=\/wp\/v2\/pages"}],"about":[{"href":"https:\/\/tierheilpraxis-perick.de\/index.php?rest_route=\/wp\/v2\/types\/page"}],"author":[{"embeddable":true,"href":"https:\/\/tierheilpraxis-perick.de\/index.php?rest_route=\/wp\/v2\/users\/3"}],"replies":[{"embeddable":true,"href":"https:\/\/tierheilpraxis-perick.de\/index.php?rest_route=%2Fwp%2Fv2%2Fcomments&post=56"}],"version-history":[{"count":20,"href":"https:\/\/tierheilpraxis-perick.de\/index.php?rest_route=\/wp\/v2\/pages\/56\/revisions"}],"predecessor-version":[{"id":733,"href":"https:\/\/tierheilpraxis-perick.de\/index.php?rest_route=\/wp\/v2\/pages\/56\/revisions\/733"}],"wp:attachment":[{"href":"https:\/\/tierheilpraxis-perick.de\/index.php?rest_route=%2Fwp%2Fv2%2Fmedia&parent=56"}],"curies":[{"name":"wp","href":"https:\/\/api.w.org\/{rel}","templated":true}]}}