{"id":212,"date":"2014-01-07T18:11:45","date_gmt":"2014-01-07T16:11:45","guid":{"rendered":"http:\/\/tierheilpraxis-perick.de\/homep\/?page_id=212"},"modified":"2026-02-08T17:09:31","modified_gmt":"2026-02-08T15:09:31","slug":"ueber-mich2","status":"publish","type":"page","link":"https:\/\/tierheilpraxis-perick.de\/?page_id=212","title":{"rendered":"\u00dcber mich"},"content":{"rendered":"<div class=\"fusion-fullwidth fullwidth-box fusion-builder-row-1 hundred-percent-fullwidth non-hundred-percent-height-scrolling\" style=\"background-color: rgba(255,255,255,0);background-position: center center;background-repeat: no-repeat;padding-top:0px;padding-right:0px;padding-bottom:0px;padding-left:0px;margin-bottom: 0px;margin-top: 0px;border-width: 0px 0px 0px 0px;border-color:#eae9e9;border-style:solid;\" ><div class=\"fusion-builder-row fusion-row\"><div class=\"fusion-layout-column fusion_builder_column fusion-builder-column-0 fusion_builder_column_1_1 1_1 fusion-one-full fusion-column-first fusion-column-last fusion-column-no-min-height\" style=\"margin-top:0px;margin-bottom:0px;\"><div class=\"fusion-column-wrapper fusion-flex-column-wrapper-legacy\" style=\"background-position:left top;background-blend-mode: overlay;background-repeat:no-repeat;-webkit-background-size:cover;-moz-background-size:cover;-o-background-size:cover;background-size:cover;padding: 0px 0px 0px 0px;\"><style type=\"text\/css\"><\/style><div class=\"fusion-title title fusion-title-1 fusion-title-text fusion-title-size-two\" style=\"margin-top:0px;margin-right:0px;margin-bottom:31px;margin-left:0px;\"><h2 class=\"title-heading-left\" style=\"margin:0;\">\u00dcber mich<\/h2><span class=\"awb-title-spacer\"><\/span><div class=\"title-sep-container\"><div class=\"title-sep sep-double sep-solid\" style=\"border-color:#e0dede;\"><\/div><\/div><\/div><div class=\"fusion-text fusion-text-1\" style=\"font-size:14px;\"><p><a class=\"fancybox image\" href=\"https:\/\/tierheilpraxis-perick.de\/wp-content\/uploads\/2013\/12\/1069250_546228308746226_153099984_n.jpg\" aria-controls=\"fancybox-wrap\" aria-haspopup=\"dialog\"><img class=\"wp-image-133 alignleft\" src=\"https:\/\/tierheilpraxis-perick.de\/wp-content\/uploads\/2013\/12\/1069250_546228308746226_153099984_n.jpg\" alt=\"\u00dcber mich\" width=\"176\" height=\"182\" srcset=\"https:\/\/tierheilpraxis-perick.de\/wp-content\/uploads\/2013\/12\/1069250_546228308746226_153099984_n-289x300.jpg 289w, https:\/\/tierheilpraxis-perick.de\/wp-content\/uploads\/2013\/12\/1069250_546228308746226_153099984_n.jpg 509w\" sizes=\"(max-width: 176px) 100vw, 176px\" \/><\/a>Bereits in meiner Kindheit zog es mich zu Tieren hin. Meinem ersten eigenen Kaninchen folgten V\u00f6gel und Katzen sowie Pflegepferde. Im September 1995 lernte ich im Urlaub mein Pferd Sandy kennen und holte sie kurze Zeit sp\u00e4ter zu mir. 4 Jahre sp\u00e4ter zog die kleine Mischlingsh\u00fcndin Penny ein. Im Laufe der Zeit kamen dann mehrere Katzen, ein weiterer Hund, ein zweites Pferd und zwei Kaninchen dazu.<\/p>\n<p>Einige Tiere von meinem \u201ekleinen Zoo\u201c sind auf der Startseite zu sehen.<\/p>\n<p>Durch viele eigene gute Erfahrungen in den letzten Jahren mit der Naturheilkunde wie auch positive Erlebnisse bei Tieren mit z. B. hom\u00f6opathischen Mitteln, der Akupunktur, der Pflanzenheilkunde (Phytotherapie) sowie auch physiotherapeutisch , kam der Wunsch auf, mehr \u00fcber diese Therapien zu erfahren und so fasste ich den Entschluss die Ausbildung zur Tierheilpraktikerin zu absolvieren ebenso zur Physiotherapeutin und Osteopathie.<\/p>\n<p><b>Qualifikationen:<\/b><\/p>\n<ul>\n<li>Ausbildung M\u00e4rz 2011 \u2013 November 2013 Paracelsus Schule M\u00fcnster zur Tierheilpraktikerin mit Abschlusspr\u00fcfungen durch den Verband Deutscher Tierheilpraktiker e.V.<\/li>\n<li>Ausbildung Physiotherapie Grundlagen, Fortgeschrittene, Intensivierung (Paracelsus Schule)<\/li>\n<li>Fortbildung Flexibles Pferdetaping nach S\u00f8ren Heinbokel<\/li>\n<li>Fortbildungen Erste Hilfe Kurse Hund und Pferd<\/li>\n<li>Fortbildung Klinische Untersuchung am Pferd<\/li>\n<li>Ausbildung Pferdephysiotherapie (DIPO D\u00fclmen) mit Abschlusspr\u00fcfung<\/li>\n<li>Fortbildung Manuelle Therapieverfahren<\/li>\n<li>Fortbildung Heilmoor-\/W\u00e4rmebehandlungen<\/li>\n<li>Seminare Akupressur<\/li>\n<li>Ausbildung klassische Veterin\u00e4rhom\u00f6opathie Dezember 2013 \u2013 Februar 2015<\/li>\n<li>Fortbildung Oktober 2014 \u2013 M\u00e4rz 2015 Fallanalyse Hom\u00f6opathie<\/li>\n<li>Fortbildungen Februar 2015, M\u00e4rz 2015, September 2015, April 2016 TCVM\/Akupunktur f\u00fcr Tiere bei Carola Krokowski<\/li>\n<li>Ausbildung Veterin\u00e4rakupunktur Januar 2014<\/li>\n<li>Fortbildung \u201eDas myofasziale Schmerzsyndrom beim Pferd\u201c \/ Dry Needling bei Pferden \/ Manuelle myofasziale Triggerpunkttherapie \/ Faszien und Faszientechnik<\/li>\n<li>Seminar Stresspunktmassage (DIPO D\u00fclmen \/ Claus Teslau)<\/li>\n<li>Fortbildung Phytotherapie<\/li>\n<li>Seminar Hundephysiotherapie \u2013 Einsatzgebiete und Behandlungsformen<\/li>\n<li>Gesundheitstag des Pferdes<\/li>\n<li>Fortbildungen Behandlungsformen und Techniken der Osteopathie \/ fasziale Osteopathie<\/li>\n<li>Seminar Pferdef\u00fctterung und Haltung bei Dipl.-Ing. agr. O. Lengwenat<\/li>\n<li>Erste Hilfe Kurs bei Dr. med. vet. H. Ende<\/li>\n<li>Fortbildung \/ Aufbaukurs Dry Needling bei Pferden<\/li>\n<li>Seminare Hundephysiotherapie<\/li>\n<li>Fortbildung Bildgebende Diagnostik<\/li>\n<li>Grundkurs Laser-Frequenztherapie<\/li>\n<li>Fortbildung Neurologie und Leistungsdiagnostik<\/li>\n<li>Grundlagenschulung Thermografie<\/li>\n<li>Schulungen \/ Praxis Veterin\u00e4rmedizinische Thermografie<\/li>\n<li>Intensivkurs Lymphdrainage bei Pferden<\/li>\n<li>Fortbildung Hundephysiotherapie \/ Stresspunktmassage beim Hund<\/li>\n<li>Ausbildung zur SURE FOOT Therapeutin<\/li>\n<li>Fortbildung \u201eTakt gut \u2013 Alles gut\u201c beim Pferd<\/li>\n<li>Fortbildung TCM \u2013 Akupunktur \u2013 Meridianverl\u00e4ufe \/ Massage f\u00fcr Tiere<\/li>\n<li>Postgraduierter Kurs \u2013 Kranio-Sakrale Therapie I (Osteopathie)<\/li>\n<li>Postgraduierter Kurs \u2013 Jons Techniken (osteopathische Behandlungstechnik)<\/li>\n<li>Fortbildung \u201eDas viszerale System\u201c<\/li>\n<li>Postgraduierter Kurs \u2013 Kranio-Sakrale Therapie II (Osteopathie)<\/li>\n<li>Postgraduierter Kurs \u2013 Viszerale Osteopathie<\/li>\n<li>Weiterbildung Manuelle Therapie Grundkurs Pferd und Hund<\/li>\n<li>Weiterbildung Manuelle Therapie I (HWS, Sch\u00e4del, Hirnnerven)<\/li>\n<li>Weiterbildung Manuelle Therapie II (Zehengelenke, Karpus, Schulterblatt, Schultergelenk, Ellbogen)<\/li>\n<li>Weiterbildung Manuelle Therapie III (Rippen, Rippengelenke, Brustbein, Zwerchfell)<\/li>\n<li>Weiterbildung Manuelle Therapie IV (Becken, Kreuzbein, H\u00fcft-, Knie- und Sprunggelenk)<\/li>\n<li>Fortbildung Leipziger Anatomie-Symposium 2021 \u2013 Anatomie des Pferdes (nicht nur) unterm Sattel<\/li>\n<li>Weiterbildung \/ Ausbildung Ern\u00e4hrungsberaterin bei der Naturheilschule Prester<\/li>\n<li>Weiterbildung \/ Webinar Rationsberechnung Tierwissenschaftliches Institut<\/li>\n<li>Weiterbildung \/ Webinar Masterclass Triggerpunkttherapie \/ Dry Needling Pferde gesund bewegen<\/li>\n<li>Weiterbildung \/ Webinare bzgl. verschiedener Tierschutzprojekte<\/li>\n<li>Weiterbildung Ganganalyse beim Pferd<\/li>\n<li>Weiterbildung K\u00f6rperarbeit f\u00fcr Pferde \/ Masterson Methode<\/li>\n<\/ul>\n<\/div><div class=\"fusion-clearfix\"><\/div><\/div><\/div><\/div><style type=\"text\/css\">.fusion-fullwidth.fusion-builder-row-1 { overflow:visible; }<\/style><\/div>\n","protected":false},"excerpt":{"rendered":"","protected":false},"author":3,"featured_media":0,"parent":0,"menu_order":0,"comment_status":"open","ping_status":"open","template":"","meta":[],"_links":{"self":[{"href":"https:\/\/tierheilpraxis-perick.de\/index.php?rest_route=\/wp\/v2\/pages\/212"}],"collection":[{"href":"https:\/\/tierheilpraxis-perick.de\/index.php?rest_route=\/wp\/v2\/pages"}],"about":[{"href":"https:\/\/tierheilpraxis-perick.de\/index.php?rest_route=\/wp\/v2\/types\/page"}],"author":[{"embeddable":true,"href":"https:\/\/tierheilpraxis-perick.de\/index.php?rest_route=\/wp\/v2\/users\/3"}],"replies":[{"embeddable":true,"href":"https:\/\/tierheilpraxis-perick.de\/index.php?rest_route=%2Fwp%2Fv2%2Fcomments&post=212"}],"version-history":[{"count":61,"href":"https:\/\/tierheilpraxis-perick.de\/index.php?rest_route=\/wp\/v2\/pages\/212\/revisions"}],"predecessor-version":[{"id":830,"href":"https:\/\/tierheilpraxis-perick.de\/index.php?rest_route=\/wp\/v2\/pages\/212\/revisions\/830"}],"wp:attachment":[{"href":"https:\/\/tierheilpraxis-perick.de\/index.php?rest_route=%2Fwp%2Fv2%2Fmedia&parent=212"}],"curies":[{"name":"wp","href":"https:\/\/api.w.org\/{rel}","templated":true}]}}