{"id":2,"date":"2013-12-09T10:44:28","date_gmt":"2013-12-09T10:44:28","guid":{"rendered":"http:\/\/tierheilpraxis-perick.de\/homep\/?page_id=2"},"modified":"2026-02-08T17:13:10","modified_gmt":"2026-02-08T15:13:10","slug":"beispiel-seite","status":"publish","type":"page","link":"https:\/\/tierheilpraxis-perick.de\/","title":{"rendered":"Start"},"content":{"rendered":"<div class=\"fusion-fullwidth fullwidth-box fusion-builder-row-1 hundred-percent-fullwidth non-hundred-percent-height-scrolling\" style=\"background-color: rgba(255,255,255,0);background-position: center center;background-repeat: no-repeat;padding-top:0px;padding-right:0px;padding-bottom:0px;padding-left:0px;margin-bottom: 0px;margin-top: 0px;border-width: 0px 0px 0px 0px;border-color:#eae9e9;border-style:solid;\" ><div class=\"fusion-builder-row fusion-row\"><div class=\"fusion-layout-column fusion_builder_column fusion-builder-column-0 fusion_builder_column_1_1 1_1 fusion-one-full fusion-column-first fusion-column-last fusion-column-no-min-height\" style=\"margin-top:0px;margin-bottom:0px;\"><div class=\"fusion-column-wrapper fusion-flex-column-wrapper-legacy\" style=\"background-position:left top;background-repeat:no-repeat;-webkit-background-size:cover;-moz-background-size:cover;-o-background-size:cover;background-size:cover;padding: 0px 0px 0px 0px;\"><style type=\"text\/css\"><\/style><div class=\"fusion-title title fusion-title-1 fusion-title-text fusion-title-size-three\" style=\"margin-top:0px;margin-right:0px;margin-bottom:31px;margin-left:0px;\"><h3 class=\"title-heading-left\" style=\"margin:0;\">Herzlich Willkommen auf der Internetseite der mobilen Tierheil- und Physiotherapiepraxis Manuela Perick.<\/h3><span class=\"awb-title-spacer\"><\/span><div class=\"title-sep-container\"><div class=\"title-sep sep-double sep-solid\" style=\"border-color:#e0dede;\"><\/div><\/div><\/div><div class=\"fusion-text fusion-text-1\"><p>Meine T\u00e4tigkeit als Tierheilpraktikerin \/ Physiotherapeutin \/ Osteopathin \u00a0\u00fcbe ich in mobiler Praxis aus. Die mobile Praxis erm\u00f6glicht es mir, Ihr Tier und Sie in der gewohnten Umgebung (bei Ihnen zu Hause, im Stall, auf der Weide o.\u00e4.) aufzusuchen.<\/p>\n<p>Sie k\u00f6nnen mich jederzeit telefonisch oder per <a href=\"mailto:info@tierheilpraxis-perick.de\">E-Mail<\/a> erreichen. Behandlungstermine werden nach Vereinbarung vergeben.<\/p>\n<p>Haben Sie W\u00fcnsche oder Fragen? Gerne stehe ich Ihnen f\u00fcr ein pers\u00f6nliches Gespr\u00e4ch zur Verf\u00fcgung. Sie k\u00f6nnen mich anrufen oder das <a title=\"Kontakt\" href=\"https:\/\/tierheilpraxis-perick.de\/?page_id=54\">Kontaktformular<\/a> nutzen.<\/p>\n<p>Ich bin Mitglied bei:<\/p>\n<\/div><div class=\"fusion-clearfix\"><\/div><\/div><\/div><div class=\"fusion-layout-column fusion_builder_column fusion-builder-column-1 fusion_builder_column_1_1 1_1 fusion-one-full fusion-column-first fusion-column-last fusion-column-no-min-height\" style=\"margin-top:0px;margin-bottom:0px;\"><div class=\"fusion-column-wrapper fusion-flex-column-wrapper-legacy\" style=\"background-position:left top;background-repeat:no-repeat;-webkit-background-size:cover;-moz-background-size:cover;-o-background-size:cover;background-size:cover;padding: 0px 0px 0px 0px;\"><ul class=\"fusion-checklist fusion-checklist-1\" style=\"font-size:14px;line-height:23.8px;\">\n\n<li style=\"background-color:rgba(255,255,255,0);\" class=\"fusion-li-item\"><span style=\"background-color:#a0ce4e;font-size:12.32px;height:23.8px;width:23.8px;margin-right:9.8px;\" class=\"icon-wrapper circle-yes\"><i class=\"fusion-li-icon fa fa-angle-right\" style=\"color:#ffffff;\" aria-hidden=\"true\"><\/i><\/span><div class=\"fusion-li-item-content\" style=\"margin-left:33.6px;color:#747474;\">Europ\u00e4ischer Tier- und Naturschutz e.V.<\/div><\/li>\n<li style=\"background-color:rgba(255,255,255,0);\" class=\"fusion-li-item\"><span style=\"background-color:#a0ce4e;font-size:12.32px;height:23.8px;width:23.8px;margin-right:9.8px;\" class=\"icon-wrapper circle-yes\"><i class=\"fusion-li-icon fa fa-angle-right\" style=\"color:#ffffff;\" aria-hidden=\"true\"><\/i><\/span><div class=\"fusion-li-item-content\" style=\"margin-left:33.6px;color:#747474;\">Deutscher Tierschutzbund e.V.<\/div><\/li>\n\n<p>Ich bin Patin von:<\/p>\n<p>&#8211; einem Ex-Labor-Schimpansen namens Blacky und<br \/>\n&#8211;\u00a0Patin einer Kuh auf Hof Butenland namens Dani.<\/p>\n<\/ul><div class=\"fusion-sep-clear\"><\/div><div class=\"fusion-separator fusion-full-width-sep\" style=\"margin-left: auto;margin-right: auto;margin-top:20px;margin-bottom:20px;width:100%;\"><div class=\"fusion-separator-border sep-single\" style=\"border-color:#e0dede;border-top-width:1px;\"><\/div><\/div><div class=\"fusion-sep-clear\"><\/div><div class=\"fusion-clearfix\"><\/div><\/div><\/div><div class=\"fusion-layout-column fusion_builder_column fusion-builder-column-2 fusion_builder_column_1_1 1_1 fusion-one-full fusion-column-first fusion-column-last fusion-column-no-min-height\" style=\"margin-top:0px;margin-bottom:0px;\"><div class=\"fusion-column-wrapper fusion-flex-column-wrapper-legacy\" style=\"background-position:left top;background-repeat:no-repeat;-webkit-background-size:cover;-moz-background-size:cover;-o-background-size:cover;background-size:cover;padding: 0px 0px 0px 0px;\"><div class=\"fusion-image-carousel fusion-image-carousel-fixed fusion-image-carousel-1 lightbox-enabled fusion-carousel-border\"><div class=\"fusion-carousel\" data-autoplay=\"no\" data-columns=\"5\" data-itemmargin=\"13\" data-itemwidth=\"180\" data-touchscroll=\"no\" data-imagesize=\"fixed\"><div class=\"fusion-carousel-positioner\"><ul class=\"fusion-carousel-holder\">\n<li class=\"fusion-carousel-item\"><div class=\"fusion-carousel-item-wrapper\"><div class=\"fusion-image-wrapper hover-type-none\"><a data-rel=\"iLightbox[image_carousel_1]\" data-title=\"pussy\" aria-label=\"pussy\" href=\"https:\/\/tierheilpraxis-perick.de\/wp-content\/uploads\/2014\/01\/pussy.jpg\" target=\"_self\"><img width=\"320\" height=\"202\" src=\"https:\/\/tierheilpraxis-perick.de\/wp-content\/uploads\/2014\/01\/pussy-320x202.jpg\" class=\"attachment-blog-medium size-blog-medium\" alt=\"\" \/><\/a><\/div><\/div><\/li>\n<li class=\"fusion-carousel-item\"><div class=\"fusion-carousel-item-wrapper\"><div class=\"fusion-image-wrapper hover-type-none\"><a data-rel=\"iLightbox[image_carousel_1]\" data-title=\"mucky\" aria-label=\"mucky\" href=\"https:\/\/tierheilpraxis-perick.de\/wp-content\/uploads\/2014\/01\/mucky.jpg\" target=\"_self\"><img width=\"320\" height=\"202\" src=\"https:\/\/tierheilpraxis-perick.de\/wp-content\/uploads\/2014\/01\/mucky-320x202.jpg\" class=\"attachment-blog-medium size-blog-medium\" alt=\"\" \/><\/a><\/div><\/div><\/li>\n<li class=\"fusion-carousel-item\"><div class=\"fusion-carousel-item-wrapper\"><div class=\"fusion-image-wrapper hover-type-none\"><a data-rel=\"iLightbox[image_carousel_1]\" data-title=\"katze2\" aria-label=\"katze2\" href=\"https:\/\/tierheilpraxis-perick.de\/wp-content\/uploads\/2014\/01\/katze2.jpg\" target=\"_self\"><img width=\"320\" height=\"202\" src=\"https:\/\/tierheilpraxis-perick.de\/wp-content\/uploads\/2014\/01\/katze2-320x202.jpg\" class=\"attachment-blog-medium size-blog-medium\" alt=\"\" \/><\/a><\/div><\/div><\/li>\n<li class=\"fusion-carousel-item\"><div class=\"fusion-carousel-item-wrapper\"><div class=\"fusion-image-wrapper hover-type-none\"><a data-rel=\"iLightbox[image_carousel_1]\" data-title=\"garrysofa\" aria-label=\"garrysofa\" href=\"https:\/\/tierheilpraxis-perick.de\/wp-content\/uploads\/2014\/01\/garrysofa.jpg\" target=\"_self\"><img width=\"320\" height=\"202\" src=\"https:\/\/tierheilpraxis-perick.de\/wp-content\/uploads\/2014\/01\/garrysofa-320x202.jpg\" class=\"attachment-blog-medium size-blog-medium\" alt=\"\" \/><\/a><\/div><\/div><\/li>\n<li class=\"fusion-carousel-item\"><div class=\"fusion-carousel-item-wrapper\"><div class=\"fusion-image-wrapper hover-type-none\"><a data-rel=\"iLightbox[image_carousel_1]\" data-title=\"cat\" aria-label=\"cat\" href=\"https:\/\/tierheilpraxis-perick.de\/wp-content\/uploads\/2014\/03\/cat.jpg\" target=\"_self\"><img width=\"320\" height=\"202\" src=\"https:\/\/tierheilpraxis-perick.de\/wp-content\/uploads\/2014\/03\/cat-320x202.jpg\" class=\"attachment-blog-medium size-blog-medium\" alt=\"\" \/><\/a><\/div><\/div><\/li>\n<li class=\"fusion-carousel-item\"><div class=\"fusion-carousel-item-wrapper\"><div class=\"fusion-image-wrapper hover-type-none\"><a data-rel=\"iLightbox[image_carousel_1]\" data-title=\"hu\" aria-label=\"hu\" href=\"https:\/\/tierheilpraxis-perick.de\/wp-content\/uploads\/2014\/03\/hu.jpg\" target=\"_self\"><img width=\"320\" height=\"202\" src=\"https:\/\/tierheilpraxis-perick.de\/wp-content\/uploads\/2014\/03\/hu-320x202.jpg\" class=\"attachment-blog-medium size-blog-medium\" alt=\"\" \/><\/a><\/div><\/div><\/li>\n<li class=\"fusion-carousel-item\"><div class=\"fusion-carousel-item-wrapper\"><div class=\"fusion-image-wrapper hover-type-none\"><a data-rel=\"iLightbox[image_carousel_1]\" data-title=\"pferde\" aria-label=\"pferde\" href=\"https:\/\/tierheilpraxis-perick.de\/wp-content\/uploads\/2014\/03\/pferde.jpg\" target=\"_self\"><img width=\"320\" height=\"202\" src=\"https:\/\/tierheilpraxis-perick.de\/wp-content\/uploads\/2014\/03\/pferde-320x202.jpg\" class=\"attachment-blog-medium size-blog-medium\" alt=\"\" \/><\/a><\/div><\/div><\/li>\n<li class=\"fusion-carousel-item\"><div class=\"fusion-carousel-item-wrapper\"><div class=\"fusion-image-wrapper hover-type-none\"><a data-rel=\"iLightbox[image_carousel_1]\" data-title=\"19\" aria-label=\"19\" href=\"https:\/\/tierheilpraxis-perick.de\/wp-content\/uploads\/2014\/01\/19.jpg\" target=\"_self\"><img width=\"320\" height=\"202\" src=\"https:\/\/tierheilpraxis-perick.de\/wp-content\/uploads\/2014\/01\/19-320x202.jpg\" class=\"attachment-blog-medium size-blog-medium\" alt=\"\" \/><\/a><\/div><\/div><\/li>\n<li class=\"fusion-carousel-item\"><div class=\"fusion-carousel-item-wrapper\"><div class=\"fusion-image-wrapper hover-type-none\"><a data-rel=\"iLightbox[image_carousel_1]\" data-title=\"18\" aria-label=\"18\" href=\"https:\/\/tierheilpraxis-perick.de\/wp-content\/uploads\/2014\/01\/18.jpg\" target=\"_self\"><img width=\"320\" height=\"202\" src=\"https:\/\/tierheilpraxis-perick.de\/wp-content\/uploads\/2014\/01\/18-320x202.jpg\" class=\"attachment-blog-medium size-blog-medium\" alt=\"\" \/><\/a><\/div><\/div><\/li>\n<li class=\"fusion-carousel-item\"><div class=\"fusion-carousel-item-wrapper\"><div class=\"fusion-image-wrapper hover-type-none\"><a data-rel=\"iLightbox[image_carousel_1]\" data-title=\"17\" aria-label=\"17\" href=\"https:\/\/tierheilpraxis-perick.de\/wp-content\/uploads\/2014\/01\/17.jpg\" target=\"_self\"><img width=\"320\" height=\"202\" src=\"https:\/\/tierheilpraxis-perick.de\/wp-content\/uploads\/2014\/01\/17-320x202.jpg\" class=\"attachment-blog-medium size-blog-medium\" alt=\"\" \/><\/a><\/div><\/div><\/li>\n<\/ul><div class=\"fusion-carousel-nav\"><button class=\"fusion-nav-prev awb-icon-left\" aria-label=\"Zur\u00fcck\"><\/button><button class=\"fusion-nav-next awb-icon-right\" aria-label=\"Vor\"><\/button><\/div><\/div><\/div><\/div><div class=\"fusion-clearfix\"><\/div><\/div><\/div><\/div><style type=\"text\/css\">.fusion-fullwidth.fusion-builder-row-1 { overflow:visible; }<\/style><\/div>\n","protected":false},"excerpt":{"rendered":"","protected":false},"author":3,"featured_media":0,"parent":0,"menu_order":0,"comment_status":"open","ping_status":"open","template":"","meta":[],"_links":{"self":[{"href":"https:\/\/tierheilpraxis-perick.de\/index.php?rest_route=\/wp\/v2\/pages\/2"}],"collection":[{"href":"https:\/\/tierheilpraxis-perick.de\/index.php?rest_route=\/wp\/v2\/pages"}],"about":[{"href":"https:\/\/tierheilpraxis-perick.de\/index.php?rest_route=\/wp\/v2\/types\/page"}],"author":[{"embeddable":true,"href":"https:\/\/tierheilpraxis-perick.de\/index.php?rest_route=\/wp\/v2\/users\/3"}],"replies":[{"embeddable":true,"href":"https:\/\/tierheilpraxis-perick.de\/index.php?rest_route=%2Fwp%2Fv2%2Fcomments&post=2"}],"version-history":[{"count":96,"href":"https:\/\/tierheilpraxis-perick.de\/index.php?rest_route=\/wp\/v2\/pages\/2\/revisions"}],"predecessor-version":[{"id":831,"href":"https:\/\/tierheilpraxis-perick.de\/index.php?rest_route=\/wp\/v2\/pages\/2\/revisions\/831"}],"wp:attachment":[{"href":"https:\/\/tierheilpraxis-perick.de\/index.php?rest_route=%2Fwp%2Fv2%2Fmedia&parent=2"}],"curies":[{"name":"wp","href":"https:\/\/api.w.org\/{rel}","templated":true}]}}